{"id":3706,"date":"2021-03-08T17:59:27","date_gmt":"2021-03-08T16:59:27","guid":{"rendered":"https:\/\/www.les-avions-de-sebastien.be\/het-project\/"},"modified":"2024-05-12T21:29:08","modified_gmt":"2024-05-12T19:29:08","slug":"het-project","status":"publish","type":"page","link":"https:\/\/les-avions-de-sebastien.be\/nl\/het-project\/","title":{"rendered":"Het project"},"content":{"rendered":"\t\t<div data-elementor-type=\"wp-page\" data-elementor-id=\"3706\" class=\"elementor elementor-3706 elementor-2140\" data-elementor-post-type=\"page\">\n\t\t\t\t\t\t<section class=\"elementor-section elementor-top-section elementor-element elementor-element-46e68256 elementor-section-boxed elementor-section-height-default elementor-section-height-default\" data-id=\"46e68256\" data-element_type=\"section\" data-e-type=\"section\" data-settings=\"{&quot;jet_parallax_layout_list&quot;:[]}\">\n\t\t\t\t\t\t<div class=\"elementor-container elementor-column-gap-default\">\n\t\t\t\t\t<div class=\"elementor-column elementor-col-100 elementor-top-column elementor-element elementor-element-27f93ee\" data-id=\"27f93ee\" data-element_type=\"column\" data-e-type=\"column\">\n\t\t\t<div class=\"elementor-widget-wrap elementor-element-populated\">\n\t\t\t\t\t\t<div class=\"elementor-element elementor-element-8f62cbf elementor-widget elementor-widget-heading\" data-id=\"8f62cbf\" data-element_type=\"widget\" data-e-type=\"widget\" data-widget_type=\"heading.default\">\n\t\t\t\t\t<h2 class=\"elementor-heading-title elementor-size-default\">Het Project... of waarom zou je ons steunen?<\/h2>\t\t\t\t<\/div>\n\t\t\t\t<div class=\"elementor-element elementor-element-268e473f elementor-widget elementor-widget-text-editor\" data-id=\"268e473f\" data-element_type=\"widget\" data-e-type=\"widget\" data-widget_type=\"text-editor.default\">\n\t\t\t\t\t\t\t\t\t<p>De meeste mensen denken dat <b>leukemie bij kinderen<\/b> te behandelen is. Dit is gedeeltelijk correct. Acute lymfoblastische leukemie (ALL), die het meest voorkomt, is in meer dan 90% van de gevallen te genezen. Deze goede resultaten zijn het resultaat van de vooruitgang van het onderzoek in de afgelopen decennia.<\/p>\n<p><\/p>\n<p>Niettemin zijn er ook <b>zeldzamere<\/b> leukemie\u00ebn, sommige in weesvorm, waarvan vele aspecten tot op heden onbegrepen blijven, hetgeen leidt tot een slechte prognose. Dit was het geval met leukemie, die onze Sebastian nam.<\/p>\n<p><\/p>\n<p>In Belgi\u00eb zijn er veel onderzoekers van zeer hoog niveau in hematologie (bloedziekten). Onder hen geniet <b>het team van professor Constantinescu van het Duve Instituut<\/b> een <b>internationale reputatie<\/b> op het gebied van leukemie-onderzoek.<\/p>\n<p><\/p>\n<p>Het doel van onze VZW is de<b>financiering van een onderzoekspost<\/b> binnen dit team om te werken aan zeldzame leukemie\u00ebn bij kinderen, vergelijkbaar met die welke S\u00e9bastien heeft weggenomen. In 2016 is een enorme hoeveelheid werk opgestart en we hopen dat dit werk zal worden voortgezet en op een dag misschien levens zal redden.<\/p>\n<p><\/p>\n<p>Heel concreet: een doctoraat of postdoctoraal onderzoeker is duur. We hebben het over een bedrag van \u20ac70.000 of meer per jaar, inclusief apparatuur. De oorspronkelijke doelstelling van het VZW was &#8220;bootstrapping&#8221;, d.w.z. een onderzoeker op weg helpen en hem voor \u00e9\u00e9n jaar financieren. De eetlust komt met het eten en langzamerhand kreeg een ambitieuzer project vorm. Vandaag is het doel van onze VZW&nbsp; het opzetten en financieren van doctoraatsthesissen aan het Institut de Duve! Dit geeft ons een <b>financieel doel van ongeveer 300.000 euro voor elk <\/b>4-jarig <b>proefschrift <\/b><b>.<\/b><\/p>\n<p><\/p>\n<p><\/p>\t\t\t\t\t\t\t\t<\/div>\n\t\t\t\t\t<\/div>\n\t\t<\/div>\n\t\t\t\t\t<\/div>\n\t\t<\/section>\n\t\t\t\t<section class=\"elementor-section elementor-top-section elementor-element elementor-element-5604c4c elementor-section-boxed elementor-section-height-default elementor-section-height-default\" data-id=\"5604c4c\" data-element_type=\"section\" data-e-type=\"section\" data-settings=\"{&quot;jet_parallax_layout_list&quot;:[]}\">\n\t\t\t\t\t\t<div class=\"elementor-container elementor-column-gap-default\">\n\t\t\t\t\t<div class=\"elementor-column elementor-col-33 elementor-top-column elementor-element elementor-element-4605e01\" data-id=\"4605e01\" data-element_type=\"column\" data-e-type=\"column\">\n\t\t\t<div class=\"elementor-widget-wrap elementor-element-populated\">\n\t\t\t\t\t\t<section class=\"elementor-section elementor-inner-section elementor-element elementor-element-c0c0e66 elementor-section-boxed elementor-section-height-default elementor-section-height-default\" data-id=\"c0c0e66\" data-element_type=\"section\" data-e-type=\"section\" data-settings=\"{&quot;jet_parallax_layout_list&quot;:[]}\">\n\t\t\t\t\t\t<div class=\"elementor-container elementor-column-gap-default\">\n\t\t\t\t\t<div class=\"elementor-column elementor-col-100 elementor-inner-column elementor-element elementor-element-343b67f\" data-id=\"343b67f\" data-element_type=\"column\" data-e-type=\"column\">\n\t\t\t<div class=\"elementor-widget-wrap elementor-element-populated\">\n\t\t\t\t\t\t<div class=\"elementor-element elementor-element-6eae96a elementor-widget elementor-widget-heading\" data-id=\"6eae96a\" data-element_type=\"widget\" data-e-type=\"widget\" data-widget_type=\"heading.default\">\n\t\t\t\t\t<h4 class=\"elementor-heading-title elementor-size-default\">1e scriptie - Gabriel Levy<\/h4>\t\t\t\t<\/div>\n\t\t\t\t<div class=\"elementor-element elementor-element-0edd12a elementor-widget elementor-widget-text-editor\" data-id=\"0edd12a\" data-element_type=\"widget\" data-e-type=\"widget\" data-widget_type=\"text-editor.default\">\n\t\t\t\t\t\t\t\t\t<p>In <b>augustus 2018<\/b> begon dr. Gabriel Levy met zijn promotieonderzoek in het team van Pr. Constantinescu<\/p>\n<p><b>Titel:<\/b> Studie van pediatrische acute myelo\u00efde leukemie die refractair is voor conventionele chemotherapie en granulocytair sarcoom en andere vormen van pediatrische acute myelo\u00efde leukemie.<\/p>\n<p>Het proefschrift is al <b>9 keer gepubliceerd<\/b> in internationale tijdschriften en zal eind 2023 worden verdedigd.  <\/p>\n<p><b>Deze scriptie werd 100% gefinancierd door Avions de S\u00e9bastien<\/b><\/p>\n\t\t\t\t\t\t\t\t<\/div>\n\t\t\t\t\t<\/div>\n\t\t<\/div>\n\t\t\t\t\t<\/div>\n\t\t<\/section>\n\t\t\t\t\t<\/div>\n\t\t<\/div>\n\t\t\t\t<div class=\"elementor-column elementor-col-33 elementor-top-column elementor-element elementor-element-525f614\" data-id=\"525f614\" data-element_type=\"column\" data-e-type=\"column\">\n\t\t\t<div class=\"elementor-widget-wrap elementor-element-populated\">\n\t\t\t\t\t\t<div class=\"elementor-element elementor-element-b07fddd elementor-widget elementor-widget-image\" data-id=\"b07fddd\" data-element_type=\"widget\" data-e-type=\"widget\" data-widget_type=\"image.default\">\n\t\t\t\t\t\t\t\t\t\t\t\t\t\t\t<img fetchpriority=\"high\" decoding=\"async\" width=\"800\" height=\"933\" src=\"https:\/\/les-avions-de-sebastien.be\/wp-content\/uploads\/GabrielEmile2_cropped-878x1024.jpg\" class=\"attachment-large size-large wp-image-6294\" alt=\"\" srcset=\"https:\/\/les-avions-de-sebastien.be\/wp-content\/uploads\/GabrielEmile2_cropped-878x1024.jpg 878w, https:\/\/les-avions-de-sebastien.be\/wp-content\/uploads\/GabrielEmile2_cropped-257x300.jpg 257w, https:\/\/les-avions-de-sebastien.be\/wp-content\/uploads\/GabrielEmile2_cropped-768x895.jpg 768w, https:\/\/les-avions-de-sebastien.be\/wp-content\/uploads\/GabrielEmile2_cropped-600x699.jpg 600w, https:\/\/les-avions-de-sebastien.be\/wp-content\/uploads\/GabrielEmile2_cropped.jpg 1297w\" sizes=\"(max-width: 800px) 100vw, 800px\" \/>\t\t\t\t\t\t\t\t\t\t\t\t\t\t\t<\/div>\n\t\t\t\t<div class=\"elementor-element elementor-element-b67e26b elementor-widget elementor-widget-image\" data-id=\"b67e26b\" data-element_type=\"widget\" data-e-type=\"widget\" data-widget_type=\"image.default\">\n\t\t\t\t\t\t\t\t\t\t\t\t\t\t\t<img decoding=\"async\" width=\"423\" height=\"225\" src=\"https:\/\/les-avions-de-sebastien.be\/wp-content\/uploads\/LogoDeduve-new.jpg\" class=\"attachment-large size-large wp-image-6296\" alt=\"\" srcset=\"https:\/\/les-avions-de-sebastien.be\/wp-content\/uploads\/LogoDeduve-new.jpg 423w, https:\/\/les-avions-de-sebastien.be\/wp-content\/uploads\/LogoDeduve-new-300x160.jpg 300w\" sizes=\"(max-width: 423px) 100vw, 423px\" \/>\t\t\t\t\t\t\t\t\t\t\t\t\t\t\t<\/div>\n\t\t\t\t\t<\/div>\n\t\t<\/div>\n\t\t\t\t<div class=\"elementor-column elementor-col-33 elementor-top-column elementor-element elementor-element-1de4cd4\" data-id=\"1de4cd4\" data-element_type=\"column\" data-e-type=\"column\">\n\t\t\t<div class=\"elementor-widget-wrap elementor-element-populated\">\n\t\t\t\t\t\t<section class=\"elementor-section elementor-inner-section elementor-element elementor-element-7b953e0 elementor-section-boxed elementor-section-height-default elementor-section-height-default\" data-id=\"7b953e0\" data-element_type=\"section\" data-e-type=\"section\" data-settings=\"{&quot;jet_parallax_layout_list&quot;:[]}\">\n\t\t\t\t\t\t<div class=\"elementor-container elementor-column-gap-default\">\n\t\t\t\t\t<div class=\"elementor-column elementor-col-100 elementor-inner-column elementor-element elementor-element-7679b15\" data-id=\"7679b15\" data-element_type=\"column\" data-e-type=\"column\">\n\t\t\t<div class=\"elementor-widget-wrap elementor-element-populated\">\n\t\t\t\t\t\t<div class=\"elementor-element elementor-element-55b71cb elementor-widget elementor-widget-heading\" data-id=\"55b71cb\" data-element_type=\"widget\" data-e-type=\"widget\" data-widget_type=\"heading.default\">\n\t\t\t\t\t<h4 class=\"elementor-heading-title elementor-size-default\">2e proefschrift - Emile Brandt<\/h4>\t\t\t\t<\/div>\n\t\t\t\t<div class=\"elementor-element elementor-element-b4b68f2 elementor-widget elementor-widget-text-editor\" data-id=\"b4b68f2\" data-element_type=\"widget\" data-e-type=\"widget\" data-widget_type=\"text-editor.default\">\n\t\t\t\t\t\t\t\t\t<p>Dr. Emile Brandt heeft de fakkel overgenomen van het werk van Dr. Emile Brandt. Heffing in <b>oktober 2022<\/b>.<\/p>\n<p><b>Titel<\/b>: Studie van moleculaire mechanismen in pediatrische acute leukemie\u00ebn die resistent zijn tegen conventionele therapie\u00ebn en in hun extra-medullaire vormen, in het bijzonder myelo\u00efde sarcoom.<\/p>\n<p>Aangezien het werk nog maar net begonnen is, heeft het nog niet tot publicaties geleid.<\/p>\n<p><b>De financiering voor dit proefschrift is nog gaande.<\/b><\/p>\n\t\t\t\t\t\t\t\t<\/div>\n\t\t\t\t\t<\/div>\n\t\t<\/div>\n\t\t\t\t\t<\/div>\n\t\t<\/section>\n\t\t\t\t\t<\/div>\n\t\t<\/div>\n\t\t\t\t\t<\/div>\n\t\t<\/section>\n\t\t\t\t<section class=\"elementor-section elementor-top-section elementor-element elementor-element-5e6fa94 elementor-section-boxed elementor-section-height-default elementor-section-height-default\" data-id=\"5e6fa94\" data-element_type=\"section\" data-e-type=\"section\" data-settings=\"{&quot;jet_parallax_layout_list&quot;:[]}\">\n\t\t\t\t\t\t<div class=\"elementor-container elementor-column-gap-default\">\n\t\t\t\t\t<div class=\"elementor-column elementor-col-100 elementor-top-column elementor-element elementor-element-a46376d\" data-id=\"a46376d\" data-element_type=\"column\" data-e-type=\"column\">\n\t\t\t<div class=\"elementor-widget-wrap elementor-element-populated\">\n\t\t\t\t\t\t<div class=\"elementor-element elementor-element-50531a1 elementor-widget elementor-widget-text-editor\" data-id=\"50531a1\" data-element_type=\"widget\" data-e-type=\"widget\" data-widget_type=\"text-editor.default\">\n\t\t\t\t\t\t\t\t\t<p><b>Wetenschappelijke vorderingen<\/b> en de lijst met publicaties zijn beschikbaar door<strong> <a href=\"https:\/\/les-avions-de-sebastien.be\/nl\/?page_id=6261\">hier<\/a><\/strong>.  <\/p>\n\t\t\t\t\t\t\t\t<\/div>\n\t\t\t\t\t<\/div>\n\t\t<\/div>\n\t\t\t\t\t<\/div>\n\t\t<\/section>\n\t\t\t\t<\/div>\n\t\t","protected":false},"excerpt":{"rendered":"<p>Het Project&#8230; of waarom zou je ons steunen? De meeste mensen denken dat leukemie bij kinderen te behandelen is. Dit is gedeeltelijk correct. Acute lymfoblastische leukemie (ALL), die het meest voorkomt, is in meer dan 90% van de gevallen te genezen. Deze goede resultaten zijn het resultaat van de vooruitgang van het onderzoek in de [&hellip;]<\/p>\n","protected":false},"author":1,"featured_media":3710,"parent":0,"menu_order":0,"comment_status":"closed","ping_status":"closed","template":"","meta":{"footnotes":""},"categories":[105],"class_list":["post-3706","page","type-page","status-publish","has-post-thumbnail","hentry","categories-a-la-une"],"_links":{"self":[{"href":"https:\/\/les-avions-de-sebastien.be\/nl\/wp-json\/wp\/v2\/pages\/3706","targetHints":{"allow":["GET"]}}],"collection":[{"href":"https:\/\/les-avions-de-sebastien.be\/nl\/wp-json\/wp\/v2\/pages"}],"about":[{"href":"https:\/\/les-avions-de-sebastien.be\/nl\/wp-json\/wp\/v2\/types\/page"}],"author":[{"embeddable":true,"href":"https:\/\/les-avions-de-sebastien.be\/nl\/wp-json\/wp\/v2\/users\/1"}],"replies":[{"embeddable":true,"href":"https:\/\/les-avions-de-sebastien.be\/nl\/wp-json\/wp\/v2\/comments?post=3706"}],"version-history":[{"count":4,"href":"https:\/\/les-avions-de-sebastien.be\/nl\/wp-json\/wp\/v2\/pages\/3706\/revisions"}],"predecessor-version":[{"id":6740,"href":"https:\/\/les-avions-de-sebastien.be\/nl\/wp-json\/wp\/v2\/pages\/3706\/revisions\/6740"}],"wp:featuredmedia":[{"embeddable":true,"href":"https:\/\/les-avions-de-sebastien.be\/nl\/wp-json\/wp\/v2\/media\/3710"}],"wp:attachment":[{"href":"https:\/\/les-avions-de-sebastien.be\/nl\/wp-json\/wp\/v2\/media?parent=3706"}],"wp:term":[{"taxonomy":"categories","embeddable":true,"href":"https:\/\/les-avions-de-sebastien.be\/nl\/wp-json\/wp\/v2\/categories?post=3706"}],"curies":[{"name":"wp","href":"https:\/\/api.w.org\/{rel}","templated":true}]}}